{"id":34,"date":"2024-07-06T18:16:57","date_gmt":"2024-07-06T18:16:57","guid":{"rendered":"https:\/\/www.rehabilitacjarabawyzna.pl\/?page_id=34"},"modified":"2025-10-22T17:11:48","modified_gmt":"2025-10-22T17:11:48","slug":"home","status":"publish","type":"page","link":"https:\/\/www.rehabilitacjarabawyzna.pl\/","title":{"rendered":"Strona g\u0142\u00f3wna"},"content":{"rendered":"\n<div class=\"wp-block-cover alignfull has-custom-content-position is-position-bottom-center\" style=\"min-height:576px;aspect-ratio:unset;\"><span aria-hidden=\"true\" class=\"wp-block-cover__background has-background-dim-30 has-background-dim wp-block-cover__gradient-background has-background-gradient\" style=\"background:linear-gradient(135deg,rgb(6,147,227) 21%,rgb(16,26,218) 100%)\"><\/span><img fetchpriority=\"high\" decoding=\"async\" width=\"5016\" height=\"3344\" class=\"wp-block-cover__image-background wp-image-52\" alt=\"\" src=\"https:\/\/www.rehabilitacjarabawyzna.pl\/wp-content\/uploads\/2024\/07\/freepik-export-20240706184111O58I.png\" data-object-fit=\"cover\" srcset=\"https:\/\/www.rehabilitacjarabawyzna.pl\/wp-content\/uploads\/2024\/07\/freepik-export-20240706184111O58I.png 5016w, https:\/\/www.rehabilitacjarabawyzna.pl\/wp-content\/uploads\/2024\/07\/freepik-export-20240706184111O58I-300x200.png 300w, https:\/\/www.rehabilitacjarabawyzna.pl\/wp-content\/uploads\/2024\/07\/freepik-export-20240706184111O58I-1024x683.png 1024w, https:\/\/www.rehabilitacjarabawyzna.pl\/wp-content\/uploads\/2024\/07\/freepik-export-20240706184111O58I-768x512.png 768w, https:\/\/www.rehabilitacjarabawyzna.pl\/wp-content\/uploads\/2024\/07\/freepik-export-20240706184111O58I-1536x1024.png 1536w, https:\/\/www.rehabilitacjarabawyzna.pl\/wp-content\/uploads\/2024\/07\/freepik-export-20240706184111O58I-2048x1365.png 2048w\" sizes=\"(max-width: 5016px) 100vw, 5016px\" \/><div class=\"wp-block-cover__inner-container is-layout-flow wp-block-cover-is-layout-flow\">\n<p style=\"color: white; font-size: 48px; font-family: Verdana, Geneva, sans-serif;\">Gabinet Fizjoterapii Kinezis<\/p>\n\n\n\n<p style=\"color: white; font-size: 18px; font-family: Verdana, Geneva, sans-serif;\">Kinezis to nowoczesny gabinet fizjoterapii w Rabie Wy\u017cnej.<br>Specjalizujemy si\u0119 w kompleksowej i skutecznej rehabilitacji narz\u0105du ruchu. Zabiegi odbywaj\u0105 si\u0119 w sympatycznej atmosferze, z u\u017cyciem fachowej wiedzy oraz specjalistycznego sprz\u0119tu.<\/p>\n\n\n\n<div class=\"wp-block-buttons is-layout-flex wp-block-buttons-is-layout-flex\">\n<div class=\"wp-block-button\"><a class=\"wp-block-button__link has-ast-global-color-5-background-color has-background wp-element-button\" href=\"#\">Wi\u0119cej..<\/a><\/div>\n<\/div>\n<\/div><\/div>\n\n\n\n<div class=\"wp-block-group alignfull has-ast-global-color-5-background-color has-background is-layout-constrained wp-container-core-group-is-layout-9cedb757 wp-block-group-is-layout-constrained\" style=\"padding-bottom:0px\">\n<div class=\"wp-block-columns are-vertically-aligned-top is-layout-flex wp-container-core-columns-is-layout-00723822 wp-block-columns-is-layout-flex\">\n<div class=\"wp-block-column is-vertically-aligned-top is-layout-flow wp-container-core-column-is-layout-6b73ce23 wp-block-column-is-layout-flow\">\n<figure class=\"wp-block-image size-full is-resized is-style-default wp-duotone-rgb255255255-rgb60124163-1\"><img decoding=\"async\" width=\"128\" height=\"128\" src=\"https:\/\/www.rehabilitacjarabawyzna.pl\/wp-content\/uploads\/2024\/07\/skater_1240476.png\" alt=\"\" class=\"wp-image-60\" style=\"width:72px;height:auto\"\/><\/figure>\n\n\n\n<h3 class=\"wp-block-heading has-text-align-left\" style=\"margin-top:16px\">Rehabilitacja pourazowa i pooperacyjna<\/h3>\n\n\n\n<p class=\"has-text-align-left\">Skuteczna rehabilitacja po urazach i operacjach, przywracaj\u0105ca pe\u0142n\u0105 sprawno\u015b\u0107 ruchow\u0105.<\/p>\n<\/div>\n\n\n\n<div class=\"wp-block-column is-vertically-aligned-top is-layout-flow wp-container-core-column-is-layout-6b73ce23 wp-block-column-is-layout-flow\">\n<figure class=\"wp-block-image size-full is-resized wp-duotone-rgb255255255-rgb60124163-2\"><img decoding=\"async\" width=\"128\" height=\"128\" src=\"https:\/\/www.rehabilitacjarabawyzna.pl\/wp-content\/uploads\/2024\/07\/menu_143303.png\" alt=\"\" class=\"wp-image-61\" style=\"width:73px;height:auto\"\/><\/figure>\n\n\n\n<h3 class=\"wp-block-heading has-text-align-left\" style=\"margin-top:16px\">Leczenie schorze\u0144 kr\u0119gos\u0142upa<\/h3>\n\n\n\n<p class=\"has-text-align-left\">Profesjonalna terapia \u0142agodz\u0105ca b\u00f3l i dyskomfort zwi\u0105zany ze schorzeniami kr\u0119gos\u0142upa.<\/p>\n<\/div>\n\n\n\n<div class=\"wp-block-column is-vertically-aligned-top is-layout-flow wp-container-core-column-is-layout-6b73ce23 wp-block-column-is-layout-flow\">\n<figure class=\"wp-block-image size-full is-resized wp-duotone-rgb255255255-rgb60124163-3\"><img loading=\"lazy\" decoding=\"async\" width=\"128\" height=\"128\" src=\"https:\/\/www.rehabilitacjarabawyzna.pl\/wp-content\/uploads\/2024\/07\/heart_10027252.png\" alt=\"\" class=\"wp-image-62\" style=\"width:72px;height:auto\"\/><\/figure>\n\n\n\n<h3 class=\"wp-block-heading has-text-align-left\" style=\"margin-top:16px\">Zabiegi fizykoterapii<\/h3>\n\n\n\n<p class=\"has-text-align-left\">Nowoczesne zabiegi fizykoterapii wspomagaj\u0105ce proces leczenia i regeneracji tkanek.<\/p>\n<\/div>\n\n\n\n<div class=\"wp-block-column is-vertically-aligned-top is-layout-flow wp-container-core-column-is-layout-6b73ce23 wp-block-column-is-layout-flow\">\n<figure class=\"wp-block-image size-full is-resized wp-duotone-rgb255254254-rgb60124163-4\"><img loading=\"lazy\" decoding=\"async\" width=\"128\" height=\"128\" src=\"https:\/\/www.rehabilitacjarabawyzna.pl\/wp-content\/uploads\/2024\/07\/yoga_776794.png\" alt=\"\" class=\"wp-image-63\" style=\"width:69px;height:auto\"\/><\/figure>\n\n\n\n<h3 class=\"wp-block-heading has-text-align-left\" style=\"margin-top:16px\">Masa\u017c leczniczy, relaksacyjny<\/h3>\n\n\n\n<p class=\"has-text-align-left\">Relaksuj\u0105ce i terapeutyczne masa\u017ce, kt\u00f3re poprawiaj\u0105 samopoczucie i wspomagaj\u0105 leczenie.<\/p>\n<\/div>\n<\/div>\n<\/div>\n\n\n\n<div class=\"wp-block-group alignfull has-ast-global-color-5-background-color has-background is-layout-constrained wp-container-core-group-is-layout-94d206d0 wp-block-group-is-layout-constrained\" id=\"about\" style=\"padding-top:143px;padding-bottom:144px\">\n<div class=\"wp-block-media-text has-media-on-the-right is-stacked-on-mobile is-vertically-aligned-center\" style=\"grid-template-columns:auto 38%\"><div class=\"wp-block-media-text__content\">\n<h2 class=\"wp-block-heading\" style=\"padding-right:40px\">Fizjoterapia \u2013 Klucz do Zdrowia i Sprawno\u015bci<\/h2>\n\n\n\n<div class=\"inherit-container-width wp-block-group is-layout-constrained wp-container-core-group-is-layout-47ce07ec wp-block-group-is-layout-constrained\" style=\"padding-right:80px\">\n<p>Fizjoterapia jest kluczowym elementem w leczeniu schorze\u0144 ortopedycznych, neurologicznych, sercowo-naczyniowych oraz pulmonologicznych. Pomaga pacjentom w powrocie do pe\u0142nej sprawno\u015bci po urazach, poprawia zdolno\u015bci ruchowe dzieci z zaburzeniami rozwoju, a tak\u017ce wspiera sportowc\u00f3w w utrzymaniu optymalnej formy.<\/p>\n\n\n\n<p>Dzi\u0119ki fizjoterapii mo\u017cesz cieszy\u0107 si\u0119 \u017cyciem bez b\u00f3lu i ogranicze\u0144 ruchowych. Zadbaj o swoje zdrowie i skorzystaj z profesjonalnej opieki fizjoterapeutycznej!<\/p>\n<\/div>\n<\/div><figure class=\"wp-block-media-text__media\"><img loading=\"lazy\" decoding=\"async\" width=\"512\" height=\"512\" src=\"https:\/\/www.rehabilitacjarabawyzna.pl\/wp-content\/uploads\/2024\/07\/first-responder_12252722.png\" alt=\"\" class=\"wp-image-67 size-full\" srcset=\"https:\/\/www.rehabilitacjarabawyzna.pl\/wp-content\/uploads\/2024\/07\/first-responder_12252722.png 512w, https:\/\/www.rehabilitacjarabawyzna.pl\/wp-content\/uploads\/2024\/07\/first-responder_12252722-300x300.png 300w, https:\/\/www.rehabilitacjarabawyzna.pl\/wp-content\/uploads\/2024\/07\/first-responder_12252722-150x150.png 150w\" sizes=\"(max-width: 512px) 100vw, 512px\" \/><\/figure><\/div>\n<\/div>\n","protected":false},"excerpt":{"rendered":"<p>Rehabilitacja pourazowa i pooperacyjna Skuteczna rehabilitacja po urazach i operacjach, przywracaj\u0105ca pe\u0142n\u0105 sprawno\u015b\u0107 ruchow\u0105. Leczenie schorze\u0144 kr\u0119gos\u0142upa Profesjonalna terapia \u0142agodz\u0105ca [&hellip;]<\/p>\n","protected":false},"author":2,"featured_media":0,"parent":0,"menu_order":0,"comment_status":"closed","ping_status":"closed","template":"","meta":{"site-sidebar-layout":"no-sidebar","site-content-layout":"plain-container","ast-site-content-layout":"default","site-content-style":"default","site-sidebar-style":"default","ast-global-header-display":"","ast-banner-title-visibility":"","ast-main-header-display":"","ast-hfb-above-header-display":"","ast-hfb-below-header-display":"","ast-hfb-mobile-header-display":"","site-post-title":"disabled","ast-breadcrumbs-content":"","ast-featured-img":"","footer-sml-layout":"","theme-transparent-header-meta":"enabled","adv-header-id-meta":"","stick-header-meta":"","header-above-stick-meta":"","header-main-stick-meta":"","header-below-stick-meta":"","astra-migrate-meta-layouts":"default","ast-page-background-enabled":"default","ast-page-background-meta":{"desktop":{"background-color":"var(--ast-global-color-4)","background-image":"","background-repeat":"repeat","background-position":"center center","background-size":"auto","background-attachment":"scroll","background-type":"","background-media":"","overlay-type":"","overlay-color":"","overlay-opacity":"","overlay-gradient":""},"tablet":{"background-color":"","background-image":"","background-repeat":"repeat","background-position":"center center","background-size":"auto","background-attachment":"scroll","background-type":"","background-media":"","overlay-type":"","overlay-color":"","overlay-opacity":"","overlay-gradient":""},"mobile":{"background-color":"","background-image":"","background-repeat":"repeat","background-position":"center center","background-size":"auto","background-attachment":"scroll","background-type":"","background-media":"","overlay-type":"","overlay-color":"","overlay-opacity":"","overlay-gradient":""}},"ast-content-background-meta":{"desktop":{"background-color":"var(--ast-global-color-5)","background-image":"","background-repeat":"repeat","background-position":"center center","background-size":"auto","background-attachment":"scroll","background-type":"","background-media":"","overlay-type":"","overlay-color":"","overlay-opacity":"","overlay-gradient":""},"tablet":{"background-color":"var(--ast-global-color-5)","background-image":"","background-repeat":"repeat","background-position":"center center","background-size":"auto","background-attachment":"scroll","background-type":"","background-media":"","overlay-type":"","overlay-color":"","overlay-opacity":"","overlay-gradient":""},"mobile":{"background-color":"var(--ast-global-color-5)","background-image":"","background-repeat":"repeat","background-position":"center center","background-size":"auto","background-attachment":"scroll","background-type":"","background-media":"","overlay-type":"","overlay-color":"","overlay-opacity":"","overlay-gradient":""}},"footnotes":""},"class_list":["post-34","page","type-page","status-publish","hentry"],"_links":{"self":[{"href":"https:\/\/www.rehabilitacjarabawyzna.pl\/index.php?rest_route=\/wp\/v2\/pages\/34","targetHints":{"allow":["GET"]}}],"collection":[{"href":"https:\/\/www.rehabilitacjarabawyzna.pl\/index.php?rest_route=\/wp\/v2\/pages"}],"about":[{"href":"https:\/\/www.rehabilitacjarabawyzna.pl\/index.php?rest_route=\/wp\/v2\/types\/page"}],"author":[{"embeddable":true,"href":"https:\/\/www.rehabilitacjarabawyzna.pl\/index.php?rest_route=\/wp\/v2\/users\/2"}],"replies":[{"embeddable":true,"href":"https:\/\/www.rehabilitacjarabawyzna.pl\/index.php?rest_route=%2Fwp%2Fv2%2Fcomments&post=34"}],"version-history":[{"count":17,"href":"https:\/\/www.rehabilitacjarabawyzna.pl\/index.php?rest_route=\/wp\/v2\/pages\/34\/revisions"}],"predecessor-version":[{"id":198,"href":"https:\/\/www.rehabilitacjarabawyzna.pl\/index.php?rest_route=\/wp\/v2\/pages\/34\/revisions\/198"}],"wp:attachment":[{"href":"https:\/\/www.rehabilitacjarabawyzna.pl\/index.php?rest_route=%2Fwp%2Fv2%2Fmedia&parent=34"}],"curies":[{"name":"wp","href":"https:\/\/api.w.org\/{rel}","templated":true}]}}